{"id":394,"date":"2025-07-14T11:10:09","date_gmt":"2025-07-14T11:10:09","guid":{"rendered":"https:\/\/trustcruit.wpenginepowered.com\/?page_id=394"},"modified":"2025-08-04T09:59:22","modified_gmt":"2025-08-04T09:59:22","slug":"kontakt","status":"publish","type":"page","link":"https:\/\/www.trustcruit.com\/sv\/kontakt\/","title":{"rendered":"Contact Us"},"content":{"rendered":"<p>[et_pb_section fb_built=&#8221;1&#8243; _builder_version=&#8221;4.27.4&#8243; _module_preset=&#8221;default&#8221; background_color=&#8221;#edf4fe&#8221; custom_padding=&#8221;||0px||false|false&#8221; global_colors_info=&#8221;{}&#8221;][et_pb_row column_structure=&#8221;1_2,1_2&#8243; _builder_version=&#8221;4.27.4&#8243; _module_preset=&#8221;default&#8221; global_colors_info=&#8221;{}&#8221;][et_pb_column type=&#8221;1_2&#8243; _builder_version=&#8221;4.27.4&#8243; _module_preset=&#8221;default&#8221; global_colors_info=&#8221;{}&#8221;][et_pb_text _builder_version=&#8221;4.27.4&#8243; _module_preset=&#8221;default&#8221; header_font=&#8221;GT Walsheim||||||||&#8221; header_font_size=&#8221;60px&#8221; header_line_height=&#8221;1.25em&#8221; text_orientation=&#8221;center&#8221; max_width=&#8221;820px&#8221; module_alignment=&#8221;center&#8221; custom_margin=&#8221;||||false|false&#8221; header_font_size_tablet=&#8221;40px&#8221; header_font_size_phone=&#8221;40px&#8221; header_font_size_last_edited=&#8221;on|phone&#8221; global_colors_info=&#8221;{}&#8221;]<\/p>\n<h1 style=\"text-align: left;\">Kontakta oss<\/h1>\n<p>[\/et_pb_text][et_pb_text _builder_version=&#8221;4.27.4&#8243; _module_preset=&#8221;default&#8221; text_font_size=&#8221;22px&#8221; text_line_height=&#8221;1.5em&#8221; max_width=&#8221;800px&#8221; module_alignment=&#8221;center&#8221; global_colors_info=&#8221;{}&#8221;]<\/p>\n<p style=\"text-align: left;\">Vill ni bli partner med oss, har ni en fr\u00e5ga eller \u00e4r ni intresserade av att prata mer om hur vi tillsammans kan f\u00f6renkla er rekrytering? Vi ser fram emot att h\u00f6ra fr\u00e5n er.<\/p>\n<p>[\/et_pb_text][et_pb_code _builder_version=&#8221;4.27.4&#8243; _module_preset=&#8221;default&#8221; global_colors_info=&#8221;{}&#8221;]<script charset=\"utf-8\" type=\"text\/javascript\" src=\"\/\/js.hsforms.net\/forms\/embed\/v2.js\"><\/script><!-- [et_pb_line_break_holder] --><script><!-- [et_pb_line_break_holder] -->  hbspt.forms.create({<!-- [et_pb_line_break_holder] -->    portalId: \"19617416\",<!-- [et_pb_line_break_holder] -->    formId: \"94fa3b32-bdb6-405f-ae7d-297a7fd7a080\",<!-- [et_pb_line_break_holder] -->    region: \"na1\"<!-- [et_pb_line_break_holder] -->  });<!-- [et_pb_line_break_holder] --><\/script>[\/et_pb_code][\/et_pb_column][et_pb_column type=&#8221;1_2&#8243; _builder_version=&#8221;4.27.4&#8243; _module_preset=&#8221;default&#8221; global_colors_info=&#8221;{}&#8221;][et_pb_text _builder_version=&#8221;4.27.4&#8243; _module_preset=&#8221;default&#8221; text_font_size=&#8221;22px&#8221; text_line_height=&#8221;1.5em&#8221; max_width=&#8221;800px&#8221; module_alignment=&#8221;center&#8221; global_colors_info=&#8221;{}&#8221;]<\/p>\n<p><strong>Bes\u00f6k v\u00e5rt huvudkontor<\/strong><\/p>\n<p>Jobylon AB<br \/>Sankt Eriksgatan 63B<br \/>112 34 Stockholm<br \/>Sverige\u00a0<\/p>\n<p>[\/et_pb_text][et_pb_map address=&#8221;stockholm&#8221; _builder_version=&#8221;4.27.4&#8243; _module_preset=&#8221;default&#8221; hover_enabled=&#8221;0&#8243; global_colors_info=&#8221;{}&#8221; zoom_level=&#8221;12&#8243; address_lat=&#8221;59.3374698974&#8243; address_lng=&#8221;18.0331582553&#8243; sticky_enabled=&#8221;0&#8243;][et_pb_map_pin title=&#8221;Jobylon&#8221; pin_address=&#8221;Sankt Eriksgatan 63B&#8221; _builder_version=&#8221;4.27.4&#8243; _module_preset=&#8221;default&#8221; global_colors_info=&#8221;{}&#8221;][\/et_pb_map_pin][\/et_pb_map][et_pb_text _builder_version=&#8221;4.27.4&#8243; _module_preset=&#8221;default&#8221; text_font_size=&#8221;22px&#8221; text_line_height=&#8221;1.5em&#8221; max_width=&#8221;800px&#8221; module_alignment=&#8221;center&#8221; global_colors_info=&#8221;{}&#8221;]<\/p>\n<p><strong>\u00c4r ni kund och beh\u00f6ver hj\u00e4lp?<br \/><\/strong>V\u00e4nligen<span>\u00a0<\/span><a href=\"https:\/\/dashboard.www.trustcruit.com\/\" rel=\"noopener\" target=\"_blank\">logga in p\u00e5 Trustcruit<\/a><span>\u00a0<\/span>och anv\u00e4nd chatten f\u00f6r teknisk support eller kontakta er dedikerade Customer Success Manager.<\/p>\n<p><strong>Hittade du Jobylon n\u00e4r du s\u00f6kte jobb?<\/strong><br \/>Observera att Jobylon tillhandah\u00e5ller en rekryteringsplattform f\u00f6r arbetsgivare och inte kan svara p\u00e5 fr\u00e5gor om specifika tj\u00e4nster eller ans\u00f6kningar. V\u00e4nligen kontakta f\u00f6retaget du vill ans\u00f6ka till eller bes\u00f6k<span>\u00a0<\/span><a href=\"https:\/\/www.jobylon.com\/careers\" rel=\"noopener\">v\u00e5r karri\u00e4rsida<\/a>.<\/p>\n<p>[\/et_pb_text][\/et_pb_column][\/et_pb_row][\/et_pb_section]<\/p>","protected":false},"excerpt":{"rendered":"<p>Contact usDo you want to partner with us, have a question or are you interested to talk more about how we can simplify recruiting together? We\u2019re happy to hear from you.Visit our Headquarter Jobylon ABSankt Eriksgatan 63B112 34 StockholmSweden\u00a0Are you a customer and need help?Please\u00a0log in to Trustcruit\u00a0and use the chat for technical support or reach out to your dedicated Customer Success manager. Did you come across us while applying for a job?Please note that Jobylon provides a recruiting platform for employers and can&#8217;t respond to any job postings or applications. Please contact the company you want to apply to or visit\u00a0our career page.<\/p>","protected":false},"author":1,"featured_media":0,"parent":0,"menu_order":0,"comment_status":"closed","ping_status":"closed","template":"","meta":{"_et_pb_use_builder":"on","_et_pb_old_content":"","_et_gb_content_width":"","inline_featured_image":false,"footnotes":""},"class_list":["post-394","page","type-page","status-publish","hentry"],"yoast_head":"<!-- This site is optimized with the Yoast SEO plugin v26.8 - https:\/\/yoast.com\/product\/yoast-seo-wordpress\/ -->\n<title>Contact us<\/title>\n<meta name=\"description\" content=\"Interested in partnering, have a question, or want to learn how we can simplify recruiting together? We\u2019d love to hear from you.\" \/>\n<meta name=\"robots\" content=\"index, follow, max-snippet:-1, max-image-preview:large, max-video-preview:-1\" \/>\n<link rel=\"canonical\" href=\"https:\/\/www.trustcruit.com\/sv\/kontakt\/\" \/>\n<meta property=\"og:locale\" content=\"sv_SE\" \/>\n<meta property=\"og:type\" content=\"article\" \/>\n<meta property=\"og:title\" content=\"Contact us\" \/>\n<meta property=\"og:description\" content=\"Interested in partnering, have a question, or want to learn how we can simplify recruiting together? We\u2019d love to hear from you.\" \/>\n<meta property=\"og:url\" content=\"https:\/\/www.trustcruit.com\/sv\/kontakt\/\" \/>\n<meta property=\"og:site_name\" content=\"Trustcruit by Jobylon\" \/>\n<meta property=\"article:modified_time\" content=\"2025-08-04T09:59:22+00:00\" \/>\n<meta property=\"og:image\" content=\"https:\/\/www.trustcruit.com\/wp-content\/uploads\/2025\/08\/Trustcruit-by-Jobylon-sharing-image.png\" \/>\n\t<meta property=\"og:image:width\" content=\"1200\" \/>\n\t<meta property=\"og:image:height\" content=\"675\" \/>\n\t<meta property=\"og:image:type\" content=\"image\/png\" \/>\n<meta name=\"twitter:card\" content=\"summary_large_image\" \/>\n<meta name=\"twitter:label1\" content=\"Est. reading time\" \/>\n\t<meta name=\"twitter:data1\" content=\"1 minut\" \/>\n<script type=\"application\/ld+json\" class=\"yoast-schema-graph\">{\"@context\":\"https:\/\/schema.org\",\"@graph\":[{\"@type\":[\"WebPage\",\"ContactPage\"],\"@id\":\"https:\/\/www.trustcruit.com\/sv\/kontakt\/\",\"url\":\"https:\/\/www.trustcruit.com\/sv\/kontakt\/\",\"name\":\"Contact us\",\"isPartOf\":{\"@id\":\"https:\/\/www.trustcruit.com\/sv\/#website\"},\"datePublished\":\"2025-07-14T11:10:09+00:00\",\"dateModified\":\"2025-08-04T09:59:22+00:00\",\"description\":\"Interested in partnering, have a question, or want to learn how we can simplify recruiting together? We\u2019d love to hear from you.\",\"breadcrumb\":{\"@id\":\"https:\/\/www.trustcruit.com\/sv\/kontakt\/#breadcrumb\"},\"inLanguage\":\"sv-SE\",\"potentialAction\":[{\"@type\":\"ReadAction\",\"target\":[\"https:\/\/www.trustcruit.com\/sv\/kontakt\/\"]}]},{\"@type\":\"BreadcrumbList\",\"@id\":\"https:\/\/www.trustcruit.com\/sv\/kontakt\/#breadcrumb\",\"itemListElement\":[{\"@type\":\"ListItem\",\"position\":1,\"name\":\"Home\",\"item\":\"https:\/\/www.trustcruit.com\/nl\/\"},{\"@type\":\"ListItem\",\"position\":2,\"name\":\"Contact Us\"}]},{\"@type\":\"WebSite\",\"@id\":\"https:\/\/www.trustcruit.com\/sv\/#website\",\"url\":\"https:\/\/www.trustcruit.com\/sv\/\",\"name\":\"Trustcruit\",\"description\":\"Turn Candidates Into Promoters\",\"publisher\":{\"@id\":\"https:\/\/www.trustcruit.com\/sv\/#organization\"},\"potentialAction\":[{\"@type\":\"SearchAction\",\"target\":{\"@type\":\"EntryPoint\",\"urlTemplate\":\"https:\/\/www.trustcruit.com\/sv\/?s={search_term_string}\"},\"query-input\":{\"@type\":\"PropertyValueSpecification\",\"valueRequired\":true,\"valueName\":\"search_term_string\"}}],\"inLanguage\":\"sv-SE\"},{\"@type\":\"Organization\",\"@id\":\"https:\/\/www.trustcruit.com\/sv\/#organization\",\"name\":\"Jobylon AB\",\"url\":\"https:\/\/www.trustcruit.com\/sv\/\",\"logo\":{\"@type\":\"ImageObject\",\"inLanguage\":\"sv-SE\",\"@id\":\"https:\/\/www.trustcruit.com\/sv\/#\/schema\/logo\/image\/\",\"url\":\"https:\/\/www.www.www.trustcruit.com\/wp-content\/uploads\/2025\/07\/jobylon-logo.svg\",\"contentUrl\":\"https:\/\/www.www.www.trustcruit.com\/wp-content\/uploads\/2025\/07\/jobylon-logo.svg\",\"width\":1611,\"height\":532,\"caption\":\"Jobylon AB\"},\"image\":{\"@id\":\"https:\/\/www.trustcruit.com\/sv\/#\/schema\/logo\/image\/\"},\"sameAs\":[\"https:\/\/www.linkedin.com\/company\/trustcruit-by-jobylon\"]}]}<\/script>\n<!-- \/ Yoast SEO plugin. -->","yoast_head_json":{"title":"Kontakta oss","description":"Interested in partnering, have a question, or want to learn how we can simplify recruiting together? We\u2019d love to hear from you.","robots":{"index":"index","follow":"follow","max-snippet":"max-snippet:-1","max-image-preview":"max-image-preview:large","max-video-preview":"max-video-preview:-1"},"canonical":"https:\/\/www.trustcruit.com\/sv\/kontakt\/","og_locale":"sv_SE","og_type":"article","og_title":"Contact us","og_description":"Interested in partnering, have a question, or want to learn how we can simplify recruiting together? We\u2019d love to hear from you.","og_url":"https:\/\/www.trustcruit.com\/sv\/kontakt\/","og_site_name":"Trustcruit by Jobylon","article_modified_time":"2025-08-04T09:59:22+00:00","og_image":[{"width":1200,"height":675,"url":"https:\/\/www.trustcruit.com\/wp-content\/uploads\/2025\/08\/Trustcruit-by-Jobylon-sharing-image.png","type":"image\/png"}],"twitter_card":"summary_large_image","twitter_misc":{"Est. reading time":"1 minut"},"schema":{"@context":"https:\/\/schema.org","@graph":[{"@type":["WebPage","ContactPage"],"@id":"https:\/\/www.trustcruit.com\/sv\/kontakt\/","url":"https:\/\/www.trustcruit.com\/sv\/kontakt\/","name":"Kontakta oss","isPartOf":{"@id":"https:\/\/www.trustcruit.com\/sv\/#website"},"datePublished":"2025-07-14T11:10:09+00:00","dateModified":"2025-08-04T09:59:22+00:00","description":"Interested in partnering, have a question, or want to learn how we can simplify recruiting together? We\u2019d love to hear from you.","breadcrumb":{"@id":"https:\/\/www.trustcruit.com\/sv\/kontakt\/#breadcrumb"},"inLanguage":"sv-SE","potentialAction":[{"@type":"ReadAction","target":["https:\/\/www.trustcruit.com\/sv\/kontakt\/"]}]},{"@type":"BreadcrumbList","@id":"https:\/\/www.trustcruit.com\/sv\/kontakt\/#breadcrumb","itemListElement":[{"@type":"ListItem","position":1,"name":"Home","item":"https:\/\/www.trustcruit.com\/nl\/"},{"@type":"ListItem","position":2,"name":"Contact Us"}]},{"@type":"WebSite","@id":"https:\/\/www.trustcruit.com\/sv\/#website","url":"https:\/\/www.trustcruit.com\/sv\/","name":"Trustcruit","description":"Turn Candidates Into Promoters","publisher":{"@id":"https:\/\/www.trustcruit.com\/sv\/#organization"},"potentialAction":[{"@type":"SearchAction","target":{"@type":"EntryPoint","urlTemplate":"https:\/\/www.trustcruit.com\/sv\/?s={search_term_string}"},"query-input":{"@type":"PropertyValueSpecification","valueRequired":true,"valueName":"search_term_string"}}],"inLanguage":"sv-SE"},{"@type":"Organization","@id":"https:\/\/www.trustcruit.com\/sv\/#organization","name":"Jobylon AB","url":"https:\/\/www.trustcruit.com\/sv\/","logo":{"@type":"ImageObject","inLanguage":"sv-SE","@id":"https:\/\/www.trustcruit.com\/sv\/#\/schema\/logo\/image\/","url":"https:\/\/www.www.www.trustcruit.com\/wp-content\/uploads\/2025\/07\/jobylon-logo.svg","contentUrl":"https:\/\/www.www.www.trustcruit.com\/wp-content\/uploads\/2025\/07\/jobylon-logo.svg","width":1611,"height":532,"caption":"Jobylon AB"},"image":{"@id":"https:\/\/www.trustcruit.com\/sv\/#\/schema\/logo\/image\/"},"sameAs":["https:\/\/www.linkedin.com\/company\/trustcruit-by-jobylon"]}]}},"featured_image_src":null,"featured_image_src_square":null,"_links":{"self":[{"href":"https:\/\/www.trustcruit.com\/sv\/wp-json\/wp\/v2\/pages\/394","targetHints":{"allow":["GET"]}}],"collection":[{"href":"https:\/\/www.trustcruit.com\/sv\/wp-json\/wp\/v2\/pages"}],"about":[{"href":"https:\/\/www.trustcruit.com\/sv\/wp-json\/wp\/v2\/types\/page"}],"author":[{"embeddable":true,"href":"https:\/\/www.trustcruit.com\/sv\/wp-json\/wp\/v2\/users\/1"}],"replies":[{"embeddable":true,"href":"https:\/\/www.trustcruit.com\/sv\/wp-json\/wp\/v2\/comments?post=394"}],"version-history":[{"count":0,"href":"https:\/\/www.trustcruit.com\/sv\/wp-json\/wp\/v2\/pages\/394\/revisions"}],"wp:attachment":[{"href":"https:\/\/www.trustcruit.com\/sv\/wp-json\/wp\/v2\/media?parent=394"}],"curies":[{"name":"wp","href":"https:\/\/api.w.org\/{rel}","templated":true}]}}