{"id":325,"date":"2025-07-10T21:30:02","date_gmt":"2025-07-10T21:30:02","guid":{"rendered":"https:\/\/trustcruit.wpenginepowered.com\/?page_id=325"},"modified":"2025-08-01T12:17:53","modified_gmt":"2025-08-01T12:17:53","slug":"partnerskap","status":"publish","type":"page","link":"https:\/\/www.trustcruit.com\/sv\/partnerskap\/","title":{"rendered":"Partner with Trustcruit"},"content":{"rendered":"[et_pb_section fb_built=&#8221;1&#8243; _builder_version=&#8221;4.27.4&#8243; _module_preset=&#8221;default&#8221; background_color=&#8221;#edf4fe&#8221; custom_padding=&#8221;||||false|false&#8221; global_colors_info=&#8221;{}&#8221;][et_pb_row _builder_version=&#8221;4.27.4&#8243; _module_preset=&#8221;default&#8221; global_colors_info=&#8221;{}&#8221;][et_pb_column type=&#8221;4_4&#8243; _builder_version=&#8221;4.27.4&#8243; _module_preset=&#8221;default&#8221; global_colors_info=&#8221;{}&#8221;][et_pb_text _builder_version=&#8221;4.27.4&#8243; _module_preset=&#8221;default&#8221; header_font=&#8221;GT Walsheim||||||||&#8221; header_font_size=&#8221;60px&#8221; header_line_height=&#8221;1.25em&#8221; text_orientation=&#8221;center&#8221; max_width=&#8221;820px&#8221; module_alignment=&#8221;center&#8221; custom_margin=&#8221;||||false|false&#8221; global_colors_info=&#8221;{}&#8221;]<h1>Skulle feedback fr\u00e5n kandidater st\u00e4rka ert erbjudande?<\/h1>[\/et_pb_text][et_pb_text _builder_version=&#8221;4.27.4&#8243; _module_preset=&#8221;default&#8221; text_font_size=&#8221;26px&#8221; text_line_height=&#8221;1.5em&#8221; max_width=&#8221;800px&#8221; module_alignment=&#8221;center&#8221; global_colors_info=&#8221;{}&#8221;]<p style=\"text-align: center;\">Vi har partnerskap med ATS:er f\u00f6r att ge er som ATS, m\u00f6jligheten att erbjuda era klienter ett fullt integrerad s\u00e4tt att m\u00e4ta kandidatupplevelsen i rekryteringsprocessen.<\/p>[\/et_pb_text][et_pb_button button_url=&#8221;#partner-with-us&#8221; button_text=&#8221;Become a partner&#8221; button_alignment=&#8221;center&#8221; _builder_version=&#8221;4.27.4&#8243; _module_preset=&#8221;default&#8221; custom_button=&#8221;on&#8221; button_text_color=&#8221;#FFFFFF&#8221; button_bg_color=&#8221;#0068ff&#8221; button_border_color=&#8221;#0068ff&#8221; button_border_radius=&#8221;8px&#8221; button_font=&#8221;GT Walsheim||||||||&#8221; global_colors_info=&#8221;{}&#8221;][\/et_pb_button][\/et_pb_column][\/et_pb_row][\/et_pb_section][et_pb_section fb_built=&#8221;1&#8243; _builder_version=&#8221;4.27.4&#8243; _module_preset=&#8221;default&#8221; background_color=&#8221;#000000&#8243; global_colors_info=&#8221;{}&#8221;][et_pb_row column_structure=&#8221;2_3,1_3&#8243; _builder_version=&#8221;4.27.4&#8243; _module_preset=&#8221;default&#8221; global_colors_info=&#8221;{}&#8221;][et_pb_column type=&#8221;2_3&#8243; _builder_version=&#8221;4.27.4&#8243; _module_preset=&#8221;default&#8221; global_colors_info=&#8221;{}&#8221;][et_pb_text _builder_version=&#8221;4.27.4&#8243; _module_preset=&#8221;default&#8221; text_font_size=&#8221;26px&#8221; text_line_height=&#8221;1.35em&#8221; header_2_font=&#8221;GT Walsheim||||||||&#8221; header_2_font_size=&#8221;35px&#8221; header_2_line_height=&#8221;1.25em&#8221; header_4_font=&#8221;|700|||||||&#8221; header_4_text_color=&#8221;#949292&#8243; background_layout=&#8221;dark&#8221; custom_margin=&#8221;||10px||false|false&#8221; global_colors_info=&#8221;{}&#8221;]<h2>Kom ig\u00e5ng med v\u00e5rt API<\/h2>\n<p>Rekryteringsverktyg kan integrera data fr\u00e5n Trustcruit rakt in i rekryteringsverktyget genom att anv\u00e4nda v\u00e5rat REST API. Vi har st\u00f6d f\u00f6r autentisering, att skicka \u00f6ver kandidater, skicka tillbaka feedbackdata och mer. Allt b\u00f6rjar med ett samtal oss emellan, \u00e4r vi en bra match s\u00e5 hj\u00e4lper vi er att komma ig\u00e5ng!<\/p>[\/et_pb_text][et_pb_button button_url=&#8221;https:\/\/docs.www.trustcruit.com\/create-customer-doc\/&#8221; url_new_window=&#8221;on&#8221; button_text=&#8221;API Documentation&#8221; button_alignment=&#8221;left&#8221; _builder_version=&#8221;4.27.4&#8243; _module_preset=&#8221;default&#8221; custom_button=&#8221;on&#8221; button_text_color=&#8221;#FFFFFF&#8221; button_bg_color=&#8221;#000000&#8243; button_border_color=&#8221;#FFFFFF&#8221; button_border_radius=&#8221;8px&#8221; button_font=&#8221;GT Walsheim||||||||&#8221; custom_margin=&#8221;30px||||false|false&#8221; global_colors_info=&#8221;{}&#8221;][\/et_pb_button][\/et_pb_column][et_pb_column type=&#8221;1_3&#8243; _builder_version=&#8221;4.27.4&#8243; _module_preset=&#8221;default&#8221; global_colors_info=&#8221;{}&#8221;][et_pb_image src=&#8221;https:\/\/www.trustcruit.com\/wp-content\/uploads\/2025\/07\/Flashboard-API-static-clean.png&#8221; title_text=&#8221;Flashboard-API-static-clean&#8221; _builder_version=&#8221;4.27.4&#8243; _module_preset=&#8221;default&#8221; global_colors_info=&#8221;{}&#8221;][\/et_pb_image][\/et_pb_column][\/et_pb_row][\/et_pb_section][et_pb_section fb_built=&#8221;1&#8243; module_id=&#8221;partner-with-us&#8221; _builder_version=&#8221;4.27.4&#8243; _module_preset=&#8221;default&#8221; background_color=&#8221;#edf4fe&#8221; global_colors_info=&#8221;{}&#8221;][et_pb_row make_equal=&#8221;on&#8221; _builder_version=&#8221;4.27.4&#8243; _module_preset=&#8221;default&#8221; hover_enabled=&#8221;0&#8243; global_colors_info=&#8221;{}&#8221; custom_margin=&#8221;||0px||false|false&#8221; custom_padding=&#8221;||0px||false|false&#8221; sticky_enabled=&#8221;0&#8243;][et_pb_column type=&#8221;4_4&#8243; _builder_version=&#8221;4.27.4&#8243; _module_preset=&#8221;default&#8221; custom_css_main_element=&#8221;margin: auto;&#8221; global_colors_info=&#8221;{}&#8221;][et_pb_text _builder_version=&#8221;4.27.4&#8243; _module_preset=&#8221;default&#8221; text_font_size=&#8221;26px&#8221; text_line_height=&#8221;1.35em&#8221; header_2_font=&#8221;GT Walsheim||||||||&#8221; header_2_font_size=&#8221;35px&#8221; header_2_line_height=&#8221;1.25em&#8221; header_4_font=&#8221;|700|||||||&#8221; header_4_text_color=&#8221;#949292&#8243; custom_margin=&#8221;||10px||false|false&#8221; global_colors_info=&#8221;{}&#8221;]<h4 style=\"text-align: left;\">ALLT B\u00d6RJAR MED ETT SAMTAL<\/h4>\n<h2 style=\"text-align: left;\">Intresserad av ett partnerskap med oss?<\/h2>[\/et_pb_text][\/et_pb_column][\/et_pb_row][et_pb_row column_structure=&#8221;1_2,1_2&#8243; make_equal=&#8221;on&#8221; _builder_version=&#8221;4.27.4&#8243; _module_preset=&#8221;default&#8221; global_colors_info=&#8221;{}&#8221;][et_pb_column type=&#8221;1_2&#8243; _builder_version=&#8221;4.27.4&#8243; _module_preset=&#8221;default&#8221; custom_css_main_element=&#8221;margin: auto;&#8221; global_colors_info=&#8221;{}&#8221;][et_pb_code _builder_version=&#8221;4.27.4&#8243; _module_preset=&#8221;default&#8221; text_orientation=&#8221;left&#8221; global_colors_info=&#8221;{}&#8221;]<script charset=\"utf-8\" type=\"text\/javascript\" src=\"\/\/js.hsforms.net\/forms\/embed\/v2.js\"><\/script><!-- [et_pb_line_break_holder] --><script><!-- [et_pb_line_break_holder] -->  hbspt.forms.create({<!-- [et_pb_line_break_holder] -->    portalId: \"19617416\",<!-- [et_pb_line_break_holder] -->    formId: \"176e8e1c-57c4-488f-8db7-6835b507027c\",<!-- [et_pb_line_break_holder] -->    region: \"na1\"<!-- [et_pb_line_break_holder] -->  });<!-- [et_pb_line_break_holder] --><\/script>[\/et_pb_code][\/et_pb_column][et_pb_column type=&#8221;1_2&#8243; _builder_version=&#8221;4.27.4&#8243; _module_preset=&#8221;default&#8221; custom_css_main_element=&#8221;margin: auto;&#8221; global_colors_info=&#8221;{}&#8221;][\/et_pb_column][\/et_pb_row][et_pb_row column_structure=&#8221;1_5,1_5,1_5,1_5,1_5&#8243; _builder_version=&#8221;4.27.4&#8243; _module_preset=&#8221;default&#8221; global_colors_info=&#8221;{}&#8221;][et_pb_column type=&#8221;1_5&#8243; _builder_version=&#8221;4.27.4&#8243; _module_preset=&#8221;default&#8221; global_colors_info=&#8221;{}&#8221;][et_pb_image src=&#8221;https:\/\/www.trustcruit.com\/wp-content\/uploads\/2025\/07\/Jobylon-2-h90-bw.png&#8221; title_text=&#8221;Jobylon-2-h90-bw&#8221; _builder_version=&#8221;4.27.4&#8243; _module_preset=&#8221;default&#8221; global_colors_info=&#8221;{}&#8221;][\/et_pb_image][\/et_pb_column][et_pb_column type=&#8221;1_5&#8243; _builder_version=&#8221;4.27.4&#8243; _module_preset=&#8221;default&#8221; global_colors_info=&#8221;{}&#8221;][et_pb_image src=&#8221;https:\/\/www.trustcruit.com\/wp-content\/uploads\/2025\/07\/Visma-h90-bw-300&#215;68-1.png&#8221; title_text=&#8221;Visma-h90-bw-300&#215;68&#8243; _builder_version=&#8221;4.27.4&#8243; _module_preset=&#8221;default&#8221; custom_margin=&#8221;16px||||false|false&#8221; global_colors_info=&#8221;{}&#8221;][\/et_pb_image][\/et_pb_column][et_pb_column type=&#8221;1_5&#8243; _builder_version=&#8221;4.27.4&#8243; _module_preset=&#8221;default&#8221; global_colors_info=&#8221;{}&#8221;][et_pb_image src=&#8221;https:\/\/www.trustcruit.com\/wp-content\/uploads\/2025\/07\/Workbuster-h90-bw-300&#215;90-1.png&#8221; title_text=&#8221;Workbuster-h90-bw-300&#215;90&#8243; _builder_version=&#8221;4.27.4&#8243; _module_preset=&#8221;default&#8221; custom_margin=&#8221;12px||||false|false&#8221; global_colors_info=&#8221;{}&#8221;][\/et_pb_image][\/et_pb_column][et_pb_column type=&#8221;1_5&#8243; _builder_version=&#8221;4.27.4&#8243; _module_preset=&#8221;default&#8221; global_colors_info=&#8221;{}&#8221;][et_pb_image src=&#8221;https:\/\/www.trustcruit.com\/wp-content\/uploads\/2025\/07\/Varbi-h90-bw-1.png&#8221; title_text=&#8221;Varbi-h90-bw&#8221; _builder_version=&#8221;4.27.4&#8243; _module_preset=&#8221;default&#8221; global_colors_info=&#8221;{}&#8221;][\/et_pb_image][\/et_pb_column][et_pb_column type=&#8221;1_5&#8243; _builder_version=&#8221;4.27.4&#8243; _module_preset=&#8221;default&#8221; global_colors_info=&#8221;{}&#8221;][et_pb_image src=&#8221;https:\/\/www.trustcruit.com\/wp-content\/uploads\/2025\/07\/Taleo-h90-bw-300&#215;87-1.png&#8221; title_text=&#8221;Taleo-h90-bw-300&#215;87&#8243; _builder_version=&#8221;4.27.4&#8243; _module_preset=&#8221;default&#8221; global_colors_info=&#8221;{}&#8221;][\/et_pb_image][\/et_pb_column][\/et_pb_row][et_pb_row column_structure=&#8221;1_4,1_4,1_4,1_4&#8243; _builder_version=&#8221;4.27.4&#8243; _module_preset=&#8221;default&#8221; max_width=&#8221;910px&#8221; global_colors_info=&#8221;{}&#8221;][et_pb_column type=&#8221;1_4&#8243; _builder_version=&#8221;4.27.4&#8243; _module_preset=&#8221;default&#8221; global_colors_info=&#8221;{}&#8221;][et_pb_image src=&#8221;https:\/\/www.trustcruit.com\/wp-content\/uploads\/2025\/07\/ReachMee-h90-bw-300&#215;63-1.png&#8221; title_text=&#8221;ReachMee-h90-bw-300&#215;63&#8243; _builder_version=&#8221;4.27.4&#8243; _module_preset=&#8221;default&#8221; custom_margin=&#8221;21px||||false|false&#8221; global_colors_info=&#8221;{}&#8221;][\/et_pb_image][\/et_pb_column][et_pb_column type=&#8221;1_4&#8243; _builder_version=&#8221;4.27.4&#8243; _module_preset=&#8221;default&#8221; global_colors_info=&#8221;{}&#8221;][et_pb_image src=&#8221;https:\/\/www.trustcruit.com\/wp-content\/uploads\/2025\/07\/Intelliplan-h90-bw-1.png&#8221; title_text=&#8221;Intelliplan-h90-bw&#8221; _builder_version=&#8221;4.27.4&#8243; _module_preset=&#8221;default&#8221; global_colors_info=&#8221;{}&#8221;][\/et_pb_image][\/et_pb_column][et_pb_column type=&#8221;1_4&#8243; _builder_version=&#8221;4.27.4&#8243; _module_preset=&#8221;default&#8221; global_colors_info=&#8221;{}&#8221;][et_pb_image src=&#8221;https:\/\/www.trustcruit.com\/wp-content\/uploads\/2025\/07\/Greenhouse-h90-bw-300&#215;73-1.png&#8221; title_text=&#8221;Greenhouse-h90-bw-300&#215;73&#8243; _builder_version=&#8221;4.27.4&#8243; _module_preset=&#8221;default&#8221; custom_margin=&#8221;20px||||false|false&#8221; global_colors_info=&#8221;{}&#8221;][\/et_pb_image][\/et_pb_column][et_pb_column type=&#8221;1_4&#8243; _builder_version=&#8221;4.27.4&#8243; _module_preset=&#8221;default&#8221; global_colors_info=&#8221;{}&#8221;][et_pb_image src=&#8221;https:\/\/www.trustcruit.com\/wp-content\/uploads\/2025\/07\/Bullhorn-h90-bw.png&#8221; title_text=&#8221;Bullhorn-h90-bw&#8221; _builder_version=&#8221;4.27.4&#8243; _module_preset=&#8221;default&#8221; global_colors_info=&#8221;{}&#8221;][\/et_pb_image][\/et_pb_column][\/et_pb_row][\/et_pb_section]","protected":false},"excerpt":{"rendered":"<p>Would your offer benefit from candidate feedback?We partner with ATS\u2019s to give you as an ATS, the possibility to offer your clients a fully integrated way to measure the candidate experience in the recruitment process.Get started with our API You can integrate data from Trustcruit in your software using our REST API. We offer authentication, creation of candidates, retrieving customer data and more. Get started by contacting us and we will hook you up with everything you need!LET&#8217;S GET IN TOUCH Interested in a partnership with us?<\/p>","protected":false},"author":1,"featured_media":0,"parent":0,"menu_order":0,"comment_status":"closed","ping_status":"closed","template":"","meta":{"_et_pb_use_builder":"on","_et_pb_old_content":"","_et_gb_content_width":"","inline_featured_image":false,"footnotes":""},"class_list":["post-325","page","type-page","status-publish","hentry"],"yoast_head":"<!-- This site is optimized with the Yoast SEO plugin v26.8 - https:\/\/yoast.com\/product\/yoast-seo-wordpress\/ -->\n<title>Partner with Trustcruit - Trustcruit by Jobylon<\/title>\n<meta name=\"description\" content=\"Are you an ATS? Give your customers a fully integrated solution for measuring and improving candidate experience and recruitment performance.\" \/>\n<meta name=\"robots\" content=\"index, follow, max-snippet:-1, max-image-preview:large, max-video-preview:-1\" \/>\n<link rel=\"canonical\" href=\"https:\/\/www.trustcruit.com\/sv\/partnerskap\/\" \/>\n<meta property=\"og:locale\" content=\"sv_SE\" \/>\n<meta property=\"og:type\" content=\"article\" \/>\n<meta property=\"og:title\" content=\"Partner with Trustcruit - Trustcruit by Jobylon\" \/>\n<meta property=\"og:description\" content=\"Are you an ATS? Give your customers a fully integrated solution for measuring and improving candidate experience and recruitment performance.\" \/>\n<meta property=\"og:url\" content=\"https:\/\/www.trustcruit.com\/sv\/partnerskap\/\" \/>\n<meta property=\"og:site_name\" content=\"Trustcruit by Jobylon\" \/>\n<meta property=\"article:modified_time\" content=\"2025-08-01T12:17:53+00:00\" \/>\n<meta property=\"og:image\" content=\"https:\/\/www.trustcruit.com\/wp-content\/uploads\/2025\/08\/Trustcruit-by-Jobylon-sharing-image.png\" \/>\n\t<meta property=\"og:image:width\" content=\"1200\" \/>\n\t<meta property=\"og:image:height\" content=\"675\" \/>\n\t<meta property=\"og:image:type\" content=\"image\/png\" \/>\n<meta name=\"twitter:card\" content=\"summary_large_image\" \/>\n<meta name=\"twitter:label1\" content=\"Est. reading time\" \/>\n\t<meta name=\"twitter:data1\" content=\"3 minuter\" \/>\n<script type=\"application\/ld+json\" class=\"yoast-schema-graph\">{\"@context\":\"https:\/\/schema.org\",\"@graph\":[{\"@type\":\"WebPage\",\"@id\":\"https:\/\/www.trustcruit.com\/sv\/partnerskap\/\",\"url\":\"https:\/\/www.trustcruit.com\/sv\/partnerskap\/\",\"name\":\"Partner with Trustcruit - Trustcruit by Jobylon\",\"isPartOf\":{\"@id\":\"https:\/\/www.trustcruit.com\/sv\/#website\"},\"datePublished\":\"2025-07-10T21:30:02+00:00\",\"dateModified\":\"2025-08-01T12:17:53+00:00\",\"description\":\"Are you an ATS? Give your customers a fully integrated solution for measuring and improving candidate experience and recruitment performance.\",\"breadcrumb\":{\"@id\":\"https:\/\/www.trustcruit.com\/sv\/partnerskap\/#breadcrumb\"},\"inLanguage\":\"sv-SE\",\"potentialAction\":[{\"@type\":\"ReadAction\",\"target\":[\"https:\/\/www.trustcruit.com\/sv\/partnerskap\/\"]}]},{\"@type\":\"BreadcrumbList\",\"@id\":\"https:\/\/www.trustcruit.com\/sv\/partnerskap\/#breadcrumb\",\"itemListElement\":[{\"@type\":\"ListItem\",\"position\":1,\"name\":\"Home\",\"item\":\"https:\/\/www.trustcruit.com\/nl\/\"},{\"@type\":\"ListItem\",\"position\":2,\"name\":\"Partner with Trustcruit\"}]},{\"@type\":\"WebSite\",\"@id\":\"https:\/\/www.trustcruit.com\/sv\/#website\",\"url\":\"https:\/\/www.trustcruit.com\/sv\/\",\"name\":\"Trustcruit\",\"description\":\"Turn Candidates Into Promoters\",\"publisher\":{\"@id\":\"https:\/\/www.trustcruit.com\/sv\/#organization\"},\"potentialAction\":[{\"@type\":\"SearchAction\",\"target\":{\"@type\":\"EntryPoint\",\"urlTemplate\":\"https:\/\/www.trustcruit.com\/sv\/?s={search_term_string}\"},\"query-input\":{\"@type\":\"PropertyValueSpecification\",\"valueRequired\":true,\"valueName\":\"search_term_string\"}}],\"inLanguage\":\"sv-SE\"},{\"@type\":\"Organization\",\"@id\":\"https:\/\/www.trustcruit.com\/sv\/#organization\",\"name\":\"Jobylon AB\",\"url\":\"https:\/\/www.trustcruit.com\/sv\/\",\"logo\":{\"@type\":\"ImageObject\",\"inLanguage\":\"sv-SE\",\"@id\":\"https:\/\/www.trustcruit.com\/sv\/#\/schema\/logo\/image\/\",\"url\":\"https:\/\/www.www.www.trustcruit.com\/wp-content\/uploads\/2025\/07\/jobylon-logo.svg\",\"contentUrl\":\"https:\/\/www.www.www.trustcruit.com\/wp-content\/uploads\/2025\/07\/jobylon-logo.svg\",\"width\":1611,\"height\":532,\"caption\":\"Jobylon AB\"},\"image\":{\"@id\":\"https:\/\/www.trustcruit.com\/sv\/#\/schema\/logo\/image\/\"},\"sameAs\":[\"https:\/\/www.linkedin.com\/company\/trustcruit-by-jobylon\"]}]}<\/script>\n<!-- \/ Yoast SEO plugin. -->","yoast_head_json":{"title":"Partner with Trustcruit - Trustcruit by Jobylon","description":"Are you an ATS? Give your customers a fully integrated solution for measuring and improving candidate experience and recruitment performance.","robots":{"index":"index","follow":"follow","max-snippet":"max-snippet:-1","max-image-preview":"max-image-preview:large","max-video-preview":"max-video-preview:-1"},"canonical":"https:\/\/www.trustcruit.com\/sv\/partnerskap\/","og_locale":"sv_SE","og_type":"article","og_title":"Partner with Trustcruit - Trustcruit by Jobylon","og_description":"Are you an ATS? Give your customers a fully integrated solution for measuring and improving candidate experience and recruitment performance.","og_url":"https:\/\/www.trustcruit.com\/sv\/partnerskap\/","og_site_name":"Trustcruit by Jobylon","article_modified_time":"2025-08-01T12:17:53+00:00","og_image":[{"width":1200,"height":675,"url":"https:\/\/www.trustcruit.com\/wp-content\/uploads\/2025\/08\/Trustcruit-by-Jobylon-sharing-image.png","type":"image\/png"}],"twitter_card":"summary_large_image","twitter_misc":{"Est. reading time":"3 minuter"},"schema":{"@context":"https:\/\/schema.org","@graph":[{"@type":"WebPage","@id":"https:\/\/www.trustcruit.com\/sv\/partnerskap\/","url":"https:\/\/www.trustcruit.com\/sv\/partnerskap\/","name":"Partner with Trustcruit - Trustcruit by Jobylon","isPartOf":{"@id":"https:\/\/www.trustcruit.com\/sv\/#website"},"datePublished":"2025-07-10T21:30:02+00:00","dateModified":"2025-08-01T12:17:53+00:00","description":"Are you an ATS? Give your customers a fully integrated solution for measuring and improving candidate experience and recruitment performance.","breadcrumb":{"@id":"https:\/\/www.trustcruit.com\/sv\/partnerskap\/#breadcrumb"},"inLanguage":"sv-SE","potentialAction":[{"@type":"ReadAction","target":["https:\/\/www.trustcruit.com\/sv\/partnerskap\/"]}]},{"@type":"BreadcrumbList","@id":"https:\/\/www.trustcruit.com\/sv\/partnerskap\/#breadcrumb","itemListElement":[{"@type":"ListItem","position":1,"name":"Home","item":"https:\/\/www.trustcruit.com\/nl\/"},{"@type":"ListItem","position":2,"name":"Partner with Trustcruit"}]},{"@type":"WebSite","@id":"https:\/\/www.trustcruit.com\/sv\/#website","url":"https:\/\/www.trustcruit.com\/sv\/","name":"Trustcruit","description":"Turn Candidates Into Promoters","publisher":{"@id":"https:\/\/www.trustcruit.com\/sv\/#organization"},"potentialAction":[{"@type":"SearchAction","target":{"@type":"EntryPoint","urlTemplate":"https:\/\/www.trustcruit.com\/sv\/?s={search_term_string}"},"query-input":{"@type":"PropertyValueSpecification","valueRequired":true,"valueName":"search_term_string"}}],"inLanguage":"sv-SE"},{"@type":"Organization","@id":"https:\/\/www.trustcruit.com\/sv\/#organization","name":"Jobylon AB","url":"https:\/\/www.trustcruit.com\/sv\/","logo":{"@type":"ImageObject","inLanguage":"sv-SE","@id":"https:\/\/www.trustcruit.com\/sv\/#\/schema\/logo\/image\/","url":"https:\/\/www.www.www.trustcruit.com\/wp-content\/uploads\/2025\/07\/jobylon-logo.svg","contentUrl":"https:\/\/www.www.www.trustcruit.com\/wp-content\/uploads\/2025\/07\/jobylon-logo.svg","width":1611,"height":532,"caption":"Jobylon AB"},"image":{"@id":"https:\/\/www.trustcruit.com\/sv\/#\/schema\/logo\/image\/"},"sameAs":["https:\/\/www.linkedin.com\/company\/trustcruit-by-jobylon"]}]}},"featured_image_src":null,"featured_image_src_square":null,"_links":{"self":[{"href":"https:\/\/www.trustcruit.com\/sv\/wp-json\/wp\/v2\/pages\/325","targetHints":{"allow":["GET"]}}],"collection":[{"href":"https:\/\/www.trustcruit.com\/sv\/wp-json\/wp\/v2\/pages"}],"about":[{"href":"https:\/\/www.trustcruit.com\/sv\/wp-json\/wp\/v2\/types\/page"}],"author":[{"embeddable":true,"href":"https:\/\/www.trustcruit.com\/sv\/wp-json\/wp\/v2\/users\/1"}],"replies":[{"embeddable":true,"href":"https:\/\/www.trustcruit.com\/sv\/wp-json\/wp\/v2\/comments?post=325"}],"version-history":[{"count":0,"href":"https:\/\/www.trustcruit.com\/sv\/wp-json\/wp\/v2\/pages\/325\/revisions"}],"wp:attachment":[{"href":"https:\/\/www.trustcruit.com\/sv\/wp-json\/wp\/v2\/media?parent=325"}],"curies":[{"name":"wp","href":"https:\/\/api.w.org\/{rel}","templated":true}]}}