{"id":13,"date":"2025-07-03T19:48:48","date_gmt":"2025-07-03T19:48:48","guid":{"rendered":"https:\/\/trustcruit.wpenginepowered.com\/?page_id=13"},"modified":"2025-07-31T10:17:41","modified_gmt":"2025-07-31T10:17:41","slug":"varfor-trustcruit","status":"publish","type":"page","link":"https:\/\/www.trustcruit.com\/sv\/varfor-trustcruit\/","title":{"rendered":"Varf\u00f6r Trustcruit"},"content":{"rendered":"[et_pb_section fb_built=&#8221;1&#8243; _builder_version=&#8221;4.27.4&#8243; _module_preset=&#8221;default&#8221; background_color=&#8221;#edf4fe&#8221; global_colors_info=&#8221;{}&#8221;][et_pb_row _builder_version=&#8221;4.27.4&#8243; _module_preset=&#8221;default&#8221; global_colors_info=&#8221;{}&#8221;][et_pb_column type=&#8221;4_4&#8243; _builder_version=&#8221;4.27.4&#8243; _module_preset=&#8221;default&#8221; global_colors_info=&#8221;{}&#8221;][et_pb_text _builder_version=&#8221;4.27.4&#8243; _module_preset=&#8221;default&#8221; header_font=&#8221;GT Walsheim||||||||&#8221; header_font_size=&#8221;60px&#8221; header_line_height=&#8221;1.15em&#8221; text_orientation=&#8221;center&#8221; max_width=&#8221;820px&#8221; module_alignment=&#8221;center&#8221; custom_margin=&#8221;||||false|false&#8221; hover_enabled=&#8221;0&#8243; header_font_size_tablet=&#8221;60px&#8221; header_font_size_phone=&#8221;40px&#8221; header_font_size_last_edited=&#8221;on|phone&#8221; global_colors_info=&#8221;{}&#8221; sticky_enabled=&#8221;0&#8243;]<h1>L\u00e5t kandidat\u00adupplevelsen driva er tillv\u00e4xt<\/h1>[\/et_pb_text][et_pb_text _builder_version=&#8221;4.27.4&#8243; _module_preset=&#8221;default&#8221; text_font_size=&#8221;26px&#8221; text_line_height=&#8221;1.5em&#8221; max_width=&#8221;800px&#8221; module_alignment=&#8221;center&#8221; global_colors_info=&#8221;{}&#8221;]<p style=\"text-align: center;\">Kandidatfeedback ger er kraften att g\u00f6ra era kandidater till ambassad\u00f6rer av ert employer brand f\u00f6r att attrahera de b\u00e4sta talangerna i er sektor<\/p>[\/et_pb_text][\/et_pb_column][\/et_pb_row][et_pb_row column_structure=&#8221;1_4,1_4,1_4,1_4&#8243; _builder_version=&#8221;4.27.4&#8243; _module_preset=&#8221;default&#8221; custom_margin=&#8221;50px||||false|false&#8221; global_colors_info=&#8221;{}&#8221;][et_pb_column type=&#8221;1_4&#8243; _builder_version=&#8221;4.27.4&#8243; _module_preset=&#8221;default&#8221; global_colors_info=&#8221;{}&#8221;][et_pb_image src=&#8221;https:\/\/www.trustcruit.com\/wp-content\/uploads\/2025\/07\/Telenor-h90-bw.png&#8221; title_text=&#8221;Telenor-h90-bw&#8221; align=&#8221;center&#8221; _builder_version=&#8221;4.27.4&#8243; _module_preset=&#8221;default&#8221; max_width=&#8221;10.5rem&#8221; global_colors_info=&#8221;{}&#8221;][\/et_pb_image][\/et_pb_column][et_pb_column type=&#8221;1_4&#8243; _builder_version=&#8221;4.27.4&#8243; _module_preset=&#8221;default&#8221; global_colors_info=&#8221;{}&#8221;][et_pb_image src=&#8221;https:\/\/www.trustcruit.com\/wp-content\/uploads\/2025\/07\/Afry-h90-bw-1-300&#215;86-1.png&#8221; title_text=&#8221;Afry-h90-bw-1-300&#215;86&#8243; align=&#8221;center&#8221; _builder_version=&#8221;4.27.4&#8243; _module_preset=&#8221;default&#8221; max_width=&#8221;10.5rem&#8221; global_colors_info=&#8221;{}&#8221;][\/et_pb_image][\/et_pb_column][et_pb_column type=&#8221;1_4&#8243; _builder_version=&#8221;4.27.4&#8243; _module_preset=&#8221;default&#8221; global_colors_info=&#8221;{}&#8221;][et_pb_image src=&#8221;https:\/\/www.trustcruit.com\/wp-content\/uploads\/2025\/07\/optime-bw-300&#215;75-1.png&#8221; title_text=&#8221;optime-bw-300&#215;75&#8243; align=&#8221;center&#8221; _builder_version=&#8221;4.27.4&#8243; _module_preset=&#8221;default&#8221; max_width=&#8221;10.5rem&#8221; global_colors_info=&#8221;{}&#8221;][\/et_pb_image][\/et_pb_column][et_pb_column type=&#8221;1_4&#8243; _builder_version=&#8221;4.27.4&#8243; _module_preset=&#8221;default&#8221; global_colors_info=&#8221;{}&#8221;][et_pb_image src=&#8221;https:\/\/www.trustcruit.com\/wp-content\/uploads\/2025\/07\/new-schibsted-h90-bw-300&#215;70-1.png&#8221; title_text=&#8221;new-schibsted-h90-bw-300&#215;70&#8243; align=&#8221;center&#8221; _builder_version=&#8221;4.27.4&#8243; _module_preset=&#8221;default&#8221; max_width=&#8221;10.5rem&#8221; global_colors_info=&#8221;{}&#8221;][\/et_pb_image][\/et_pb_column][\/et_pb_row][\/et_pb_section][et_pb_section fb_built=&#8221;1&#8243; _builder_version=&#8221;4.27.4&#8243; _module_preset=&#8221;default&#8221; global_colors_info=&#8221;{}&#8221;][et_pb_row column_structure=&#8221;1_2,1_2&#8243; make_equal=&#8221;on&#8221; _builder_version=&#8221;4.27.4&#8243; _module_preset=&#8221;default&#8221; global_colors_info=&#8221;{}&#8221;][et_pb_column type=&#8221;1_2&#8243; _builder_version=&#8221;4.27.4&#8243; _module_preset=&#8221;default&#8221; global_colors_info=&#8221;{}&#8221;][et_pb_image src=&#8221;https:\/\/www.trustcruit.com\/wp-content\/uploads\/2025\/07\/Group-528.png&#8221; title_text=&#8221;Group-528&#8243; _builder_version=&#8221;4.27.4&#8243; _module_preset=&#8221;default&#8221; global_colors_info=&#8221;{}&#8221; disabled_on=&#8221;off|off|on&#8221;][\/et_pb_image][et_pb_text _builder_version=&#8221;4.27.4&#8243; _module_preset=&#8221;default&#8221; text_font_size=&#8221;26px&#8221; text_line_height=&#8221;1.35em&#8221; header_2_font=&#8221;GT Walsheim||||||||&#8221; header_2_font_size=&#8221;35px&#8221; header_2_line_height=&#8221;1.25em&#8221; global_colors_info=&#8221;{}&#8221;]<h2>Vikten av kandidat\u00adfeedback<\/h2>\n<p>Vad skulle du g\u00f6ra om n\u00e4stan en fj\u00e4rdedel av era kandidater inte ans\u00f6ker igen och om 25% av alla nyanst\u00e4llda slutar inom ett \u00e5r? Det h\u00e4r \u00e4r fakta som p\u00e5verkar er framg\u00e5ng, beroende p\u00e5 den kandidat\u00adfeedback ni f\u00e5r och den kandidat\u00adupplevelse ni levererar.<\/p>[\/et_pb_text][\/et_pb_column][et_pb_column type=&#8221;1_2&#8243; _builder_version=&#8221;4.27.4&#8243; _module_preset=&#8221;default&#8221; custom_css_main_element=&#8221;margin: auto;&#8221; global_colors_info=&#8221;{}&#8221;][et_pb_image src=&#8221;https:\/\/www.trustcruit.com\/wp-content\/uploads\/2025\/07\/Group-528.png&#8221; title_text=&#8221;Group-528&#8243; _builder_version=&#8221;4.27.4&#8243; _module_preset=&#8221;default&#8221; global_colors_info=&#8221;{}&#8221; disabled_on=&#8221;on|on|off&#8221;][\/et_pb_image][\/et_pb_column][\/et_pb_row][\/et_pb_section][et_pb_section fb_built=&#8221;1&#8243; _builder_version=&#8221;4.27.4&#8243; _module_preset=&#8221;default&#8221; global_colors_info=&#8221;{}&#8221;][et_pb_row column_structure=&#8221;1_2,1_2&#8243; make_equal=&#8221;on&#8221; _builder_version=&#8221;4.27.4&#8243; _module_preset=&#8221;default&#8221; global_colors_info=&#8221;{}&#8221;][et_pb_column type=&#8221;1_2&#8243; _builder_version=&#8221;4.27.4&#8243; _module_preset=&#8221;default&#8221; custom_css_main_element=&#8221;margin: auto;&#8221; global_colors_info=&#8221;{}&#8221;][et_pb_image src=&#8221;https:\/\/www.trustcruit.com\/wp-content\/uploads\/2025\/07\/Group-529.png&#8221; title_text=&#8221;Group-529&#8243; _builder_version=&#8221;4.27.4&#8243; _module_preset=&#8221;default&#8221; hover_enabled=&#8221;0&#8243; global_colors_info=&#8221;{}&#8221; custom_margin=&#8221;||20px||false|false&#8221; sticky_enabled=&#8221;0&#8243;][\/et_pb_image][\/et_pb_column][et_pb_column type=&#8221;1_2&#8243; _builder_version=&#8221;4.27.4&#8243; _module_preset=&#8221;default&#8221; custom_css_main_element=&#8221;margin: auto;&#8221; global_colors_info=&#8221;{}&#8221;][et_pb_text _builder_version=&#8221;4.27.4&#8243; _module_preset=&#8221;default&#8221; text_font_size=&#8221;26px&#8221; text_line_height=&#8221;1.35em&#8221; header_2_font=&#8221;GT Walsheim||||||||&#8221; header_2_font_size=&#8221;35px&#8221; header_2_line_height=&#8221;1.25em&#8221; global_colors_info=&#8221;{}&#8221;]<h2>Kandidat\u00adfeedback kommer st\u00e4rka er organisation<\/h2>\n<p>Kandidat\u00adfeedback ger insikter om vad era kandidater tycker om er, vilket m\u00f6jligg\u00f6r datadrivna f\u00f6rb\u00e4ttringar av kandidat\u00adupplevelsen och ert employer brand. F\u00f6rb\u00e4ttringar som ger tillg\u00e5ng till topptalanger, \u00f6kar attraktivitet hos kunder och \u00f6ver tid leder till tillv\u00e4xt f\u00f6r hela bolaget.\u00a0<\/p>[\/et_pb_text][\/et_pb_column][\/et_pb_row][\/et_pb_section][et_pb_section fb_built=&#8221;1&#8243; _builder_version=&#8221;4.27.4&#8243; _module_preset=&#8221;default&#8221; global_colors_info=&#8221;{}&#8221;][et_pb_row column_structure=&#8221;1_2,1_2&#8243; make_equal=&#8221;on&#8221; _builder_version=&#8221;4.27.4&#8243; _module_preset=&#8221;default&#8221; global_colors_info=&#8221;{}&#8221;][et_pb_column type=&#8221;1_2&#8243; _builder_version=&#8221;4.27.4&#8243; _module_preset=&#8221;default&#8221; global_colors_info=&#8221;{}&#8221;][et_pb_image src=&#8221;https:\/\/www.trustcruit.com\/wp-content\/uploads\/2025\/07\/Group-526.png&#8221; title_text=&#8221;Group-526&#8243; _builder_version=&#8221;4.27.4&#8243; _module_preset=&#8221;default&#8221; global_colors_info=&#8221;{}&#8221; disabled_on=&#8221;off|off|on&#8221;][\/et_pb_image][et_pb_text _builder_version=&#8221;4.27.4&#8243; _module_preset=&#8221;default&#8221; text_font_size=&#8221;26px&#8221; text_line_height=&#8221;1.35em&#8221; header_2_font=&#8221;GT Walsheim||||||||&#8221; header_2_font_size=&#8221;35px&#8221; header_2_line_height=&#8221;1.25em&#8221; global_colors_info=&#8221;{}&#8221;]<h2>Vi kommer hj\u00e4lpa er att n\u00e5 resultat<\/h2>\n<p>Vi p\u00e5 Trustcruit kommer hj\u00e4lpa er att st\u00e4rka er organisation genom att automatiskt samla in kandidat\u00adfeedback och generera viktiga insikter genom v\u00e5rt kraftfulla HR-analys\u00adverktyg som omvandlar kandidater till ambassad\u00f6rer och driver er tillv\u00e4xt.<\/p>\n<p>&nbsp;<\/p>[\/et_pb_text][\/et_pb_column][et_pb_column type=&#8221;1_2&#8243; _builder_version=&#8221;4.27.4&#8243; _module_preset=&#8221;default&#8221; custom_css_main_element=&#8221;margin: auto;&#8221; global_colors_info=&#8221;{}&#8221;][et_pb_image src=&#8221;https:\/\/www.trustcruit.com\/wp-content\/uploads\/2025\/07\/Group-526.png&#8221; title_text=&#8221;Group-526&#8243; _builder_version=&#8221;4.27.4&#8243; _module_preset=&#8221;default&#8221; global_colors_info=&#8221;{}&#8221; disabled_on=&#8221;on|on|off&#8221;][\/et_pb_image][\/et_pb_column][\/et_pb_row][\/et_pb_section][et_pb_section fb_built=&#8221;1&#8243; _builder_version=&#8221;4.27.4&#8243; _module_preset=&#8221;default&#8221; background_color=&#8221;#000000&#8243; global_module=&#8221;58&#8243; global_colors_info=&#8221;{}&#8221;][et_pb_row _builder_version=&#8221;4.27.4&#8243; _module_preset=&#8221;default&#8221; global_colors_info=&#8221;{}&#8221;][et_pb_column type=&#8221;4_4&#8243; _builder_version=&#8221;4.27.4&#8243; _module_preset=&#8221;default&#8221; global_colors_info=&#8221;{}&#8221;][et_pb_text _builder_version=&#8221;4.27.4&#8243; _module_preset=&#8221;default&#8221; text_font_size=&#8221;26px&#8221; text_line_height=&#8221;1.35em&#8221; header_2_font=&#8221;GT Walsheim||||||||&#8221; header_2_font_size=&#8221;35px&#8221; header_2_line_height=&#8221;1.25em&#8221; header_4_font=&#8221;|700|||||||&#8221; header_4_text_color=&#8221;#949292&#8243; background_layout=&#8221;dark&#8221; custom_margin=&#8221;||10px||false|false&#8221; custom_padding=&#8221;||0px|||&#8221; global_colors_info=&#8221;{}&#8221;]<h2 style=\"text-align: center;\">Boka en demo och utforska<\/h2>[\/et_pb_text][\/et_pb_column][\/et_pb_row][et_pb_row column_structure=&#8221;1_4,1_4,1_4,1_4&#8243; _builder_version=&#8221;4.27.4&#8243; _module_preset=&#8221;default&#8221; global_colors_info=&#8221;{}&#8221;][et_pb_column type=&#8221;1_4&#8243; _builder_version=&#8221;4.27.4&#8243; _module_preset=&#8221;default&#8221; global_colors_info=&#8221;{}&#8221;][et_pb_blurb title=&#8221;Trigger surveys automatically through your ATS&#8221; image=&#8221;https:\/\/www.trustcruit.com\/wp-content\/uploads\/2025\/07\/Actions-Authentication-Square-Circle-Streamline-Ultimate-1.svg&#8221; image_icon_width=&#8221;50px&#8221; icon_placement_tablet=&#8221;left&#8221; icon_placement_phone=&#8221;&#8221; icon_placement_last_edited=&#8221;on|phone&#8221; image_icon_width_tablet=&#8221;40px&#8221; image_icon_width_phone=&#8221;&#8221; image_icon_width_last_edited=&#8221;on|phone&#8221; _builder_version=&#8221;4.27.4&#8243; _module_preset=&#8221;default&#8221; header_font=&#8221;||||||||&#8221; header_text_align=&#8221;center&#8221; header_text_color=&#8221;#FFFFFF&#8221; header_font_size=&#8221;24px&#8221; header_line_height=&#8221;120%&#8221; header_text_align_tablet=&#8221;left&#8221; header_text_align_phone=&#8221;left&#8221; header_text_align_last_edited=&#8221;on|phone&#8221; header_font_size_tablet=&#8221;22px&#8221; header_font_size_phone=&#8221;18px&#8221; header_font_size_last_edited=&#8221;on|tablet&#8221; global_colors_info=&#8221;{}&#8221;][\/et_pb_blurb][\/et_pb_column][et_pb_column type=&#8221;1_4&#8243; _builder_version=&#8221;4.27.4&#8243; _module_preset=&#8221;default&#8221; global_colors_info=&#8221;{}&#8221;][et_pb_blurb title=&#8221;Analytics and insights dashboard&#8221; image=&#8221;https:\/\/www.trustcruit.com\/wp-content\/uploads\/2025\/07\/Analytics-Graph-Streamline-Ultimate.svg&#8221; image_icon_width=&#8221;50px&#8221; icon_placement_tablet=&#8221;left&#8221; icon_placement_phone=&#8221;&#8221; icon_placement_last_edited=&#8221;on|phone&#8221; image_icon_width_tablet=&#8221;40px&#8221; image_icon_width_phone=&#8221;&#8221; image_icon_width_last_edited=&#8221;on|phone&#8221; _builder_version=&#8221;4.27.4&#8243; _module_preset=&#8221;default&#8221; header_font=&#8221;||||||||&#8221; header_text_align=&#8221;center&#8221; header_text_color=&#8221;#FFFFFF&#8221; header_font_size=&#8221;24px&#8221; header_line_height=&#8221;120%&#8221; header_text_align_tablet=&#8221;left&#8221; header_text_align_phone=&#8221;left&#8221; header_text_align_last_edited=&#8221;on|phone&#8221; header_font_size_tablet=&#8221;22px&#8221; header_font_size_phone=&#8221;18px&#8221; header_font_size_last_edited=&#8221;on|tablet&#8221; global_colors_info=&#8221;{}&#8221;][\/et_pb_blurb][\/et_pb_column][et_pb_column type=&#8221;1_4&#8243; _builder_version=&#8221;4.27.4&#8243; _module_preset=&#8221;default&#8221; global_colors_info=&#8221;{}&#8221;][et_pb_blurb title=&#8221;Subscribe to and share email reports&#8221; image=&#8221;https:\/\/www.trustcruit.com\/wp-content\/uploads\/2025\/07\/Office-File-Text-Graph-Streamline-Ultimate.svg&#8221; image_icon_width=&#8221;50px&#8221; icon_placement_tablet=&#8221;left&#8221; icon_placement_phone=&#8221;&#8221; icon_placement_last_edited=&#8221;on|phone&#8221; image_icon_width_tablet=&#8221;40px&#8221; image_icon_width_phone=&#8221;&#8221; image_icon_width_last_edited=&#8221;on|phone&#8221; _builder_version=&#8221;4.27.4&#8243; _module_preset=&#8221;default&#8221; header_font=&#8221;||||||||&#8221; header_text_align=&#8221;center&#8221; header_text_color=&#8221;#FFFFFF&#8221; header_font_size=&#8221;24px&#8221; header_line_height=&#8221;120%&#8221; header_text_align_tablet=&#8221;left&#8221; header_text_align_phone=&#8221;left&#8221; header_text_align_last_edited=&#8221;on|phone&#8221; header_font_size_tablet=&#8221;22px&#8221; header_font_size_phone=&#8221;18px&#8221; header_font_size_last_edited=&#8221;on|tablet&#8221; global_colors_info=&#8221;{}&#8221;][\/et_pb_blurb][\/et_pb_column][et_pb_column type=&#8221;1_4&#8243; _builder_version=&#8221;4.27.4&#8243; _module_preset=&#8221;default&#8221; global_colors_info=&#8221;{}&#8221;][et_pb_blurb title=&#8221;Free onboarding + email and chat support&#8221; image=&#8221;https:\/\/www.trustcruit.com\/wp-content\/uploads\/2025\/07\/Headphones-Customer-Support-Streamline-Ultimate-2.svg&#8221; image_icon_width=&#8221;50px&#8221; icon_placement_tablet=&#8221;left&#8221; icon_placement_phone=&#8221;&#8221; icon_placement_last_edited=&#8221;on|phone&#8221; image_icon_width_tablet=&#8221;40px&#8221; image_icon_width_phone=&#8221;&#8221; image_icon_width_last_edited=&#8221;on|phone&#8221; _builder_version=&#8221;4.27.4&#8243; _module_preset=&#8221;default&#8221; header_font=&#8221;||||||||&#8221; header_text_align=&#8221;center&#8221; header_text_color=&#8221;#FFFFFF&#8221; header_font_size=&#8221;24px&#8221; header_line_height=&#8221;120%&#8221; header_text_align_tablet=&#8221;left&#8221; header_text_align_phone=&#8221;left&#8221; header_text_align_last_edited=&#8221;on|phone&#8221; header_font_size_tablet=&#8221;22px&#8221; header_font_size_phone=&#8221;18px&#8221; header_font_size_last_edited=&#8221;on|tablet&#8221; global_colors_info=&#8221;{}&#8221;][\/et_pb_blurb][\/et_pb_column][\/et_pb_row][et_pb_row _builder_version=&#8221;4.27.4&#8243; _module_preset=&#8221;default&#8221; global_colors_info=&#8221;{}&#8221;][et_pb_column type=&#8221;4_4&#8243; _builder_version=&#8221;4.27.4&#8243; _module_preset=&#8221;default&#8221; global_colors_info=&#8221;{}&#8221;][et_pb_button button_url=&#8221;@ET-DC@eyJkeW5hbWljIjp0cnVlLCJjb250ZW50IjoicG9zdF9saW5rX3VybF9wYWdlIiwic2V0dGluZ3MiOnsicG9zdF9pZCI6IjM4NSJ9fQ==@&#8221; button_text=&#8221;Request demo&#8221; button_alignment=&#8221;center&#8221; _builder_version=&#8221;4.27.4&#8243; _dynamic_attributes=&#8221;button_url&#8221; _module_preset=&#8221;default&#8221; custom_button=&#8221;on&#8221; button_text_color=&#8221;#FFFFFF&#8221; button_bg_color=&#8221;#0068ff&#8221; button_border_color=&#8221;#0068ff&#8221; button_border_radius=&#8221;8px&#8221; global_colors_info=&#8221;{}&#8221;][\/et_pb_button][\/et_pb_column][\/et_pb_row][\/et_pb_section]","protected":false},"excerpt":{"rendered":"<p>Make candidate experience drive your growthCandidate feedback give you the power to turn your candidates into promoters of your employer brand so you can attract the top talents in your industryWhy your organization need candidate feedback What if almost a quarter of candidates never reapply, and 25% of new hires left within a year? This a sobering scenario, critical to your success. Thankfully, you can harness the power of candidate feedback to improve the candidate experience you deliver.Candidate feedback will power up your organization Candidate feedback provides an insight into how candidates\u2019 perceive you. This enables data to drive any improvements you make to your candidate experience and employer brand. This increases the likelihood of attracting high-quality talent, bolstering your appeal to customers, which leads to growth over time.\u00a0We will help you achieve this We at Trustcruit help you power up your organization by enabling you to collect candidate feedback automatically. You\u2019ll gain critical insights with our powerful HR analytics tool. We\u2019re confident that with us, you\u2019ll transform candidates into brand promoters and drive growth. &nbsp;Book a demo and explore<\/p>","protected":false},"author":1,"featured_media":0,"parent":0,"menu_order":0,"comment_status":"closed","ping_status":"closed","template":"","meta":{"_et_pb_use_builder":"on","_et_pb_old_content":"","_et_gb_content_width":"","inline_featured_image":false,"footnotes":""},"class_list":["post-13","page","type-page","status-publish","hentry"],"yoast_head":"<!-- This site is optimized with the Yoast SEO plugin v26.8 - https:\/\/yoast.com\/product\/yoast-seo-wordpress\/ -->\n<title>Why Trustcruit - Trustcruit by Jobylon<\/title>\n<meta name=\"description\" content=\"Use candidate feedback to optimize recruitment, boost employer branding, and attract top talent. See why leading teams trust Trustcruit.\" \/>\n<meta name=\"robots\" content=\"index, follow, max-snippet:-1, max-image-preview:large, max-video-preview:-1\" \/>\n<link rel=\"canonical\" href=\"https:\/\/www.trustcruit.com\/sv\/varfor-trustcruit\/\" \/>\n<meta property=\"og:locale\" content=\"sv_SE\" \/>\n<meta property=\"og:type\" content=\"article\" \/>\n<meta property=\"og:title\" content=\"Why Trustcruit - Trustcruit by Jobylon\" \/>\n<meta property=\"og:description\" content=\"Use candidate feedback to optimize recruitment, boost employer branding, and attract top talent. See why leading teams trust Trustcruit.\" \/>\n<meta property=\"og:url\" content=\"https:\/\/www.trustcruit.com\/sv\/varfor-trustcruit\/\" \/>\n<meta property=\"og:site_name\" content=\"Trustcruit by Jobylon\" \/>\n<meta property=\"article:modified_time\" content=\"2025-07-31T10:17:41+00:00\" \/>\n<meta property=\"og:image\" content=\"https:\/\/www.trustcruit.com\/wp-content\/uploads\/2025\/08\/Trustcruit-by-Jobylon-sharing-image.png\" \/>\n\t<meta property=\"og:image:width\" content=\"1200\" \/>\n\t<meta property=\"og:image:height\" content=\"675\" \/>\n\t<meta property=\"og:image:type\" content=\"image\/png\" \/>\n<meta name=\"twitter:card\" content=\"summary_large_image\" \/>\n<meta name=\"twitter:label1\" content=\"Est. reading time\" \/>\n\t<meta name=\"twitter:data1\" content=\"4 minuter\" \/>\n<script type=\"application\/ld+json\" class=\"yoast-schema-graph\">{\"@context\":\"https:\/\/schema.org\",\"@graph\":[{\"@type\":[\"WebPage\",\"AboutPage\"],\"@id\":\"https:\/\/www.trustcruit.com\/sv\/varfor-trustcruit\/\",\"url\":\"https:\/\/www.trustcruit.com\/sv\/varfor-trustcruit\/\",\"name\":\"Why Trustcruit - Trustcruit by Jobylon\",\"isPartOf\":{\"@id\":\"https:\/\/www.trustcruit.com\/sv\/#website\"},\"datePublished\":\"2025-07-03T19:48:48+00:00\",\"dateModified\":\"2025-07-31T10:17:41+00:00\",\"description\":\"Use candidate feedback to optimize recruitment, boost employer branding, and attract top talent. See why leading teams trust Trustcruit.\",\"breadcrumb\":{\"@id\":\"https:\/\/www.trustcruit.com\/sv\/varfor-trustcruit\/#breadcrumb\"},\"inLanguage\":\"sv-SE\",\"potentialAction\":[{\"@type\":\"ReadAction\",\"target\":[\"https:\/\/www.trustcruit.com\/sv\/varfor-trustcruit\/\"]}]},{\"@type\":\"BreadcrumbList\",\"@id\":\"https:\/\/www.trustcruit.com\/sv\/varfor-trustcruit\/#breadcrumb\",\"itemListElement\":[{\"@type\":\"ListItem\",\"position\":1,\"name\":\"Home\",\"item\":\"https:\/\/www.trustcruit.com\/nl\/\"},{\"@type\":\"ListItem\",\"position\":2,\"name\":\"Why Trustcruit\"}]},{\"@type\":\"WebSite\",\"@id\":\"https:\/\/www.trustcruit.com\/sv\/#website\",\"url\":\"https:\/\/www.trustcruit.com\/sv\/\",\"name\":\"Trustcruit\",\"description\":\"Turn Candidates Into Promoters\",\"publisher\":{\"@id\":\"https:\/\/www.trustcruit.com\/sv\/#organization\"},\"potentialAction\":[{\"@type\":\"SearchAction\",\"target\":{\"@type\":\"EntryPoint\",\"urlTemplate\":\"https:\/\/www.trustcruit.com\/sv\/?s={search_term_string}\"},\"query-input\":{\"@type\":\"PropertyValueSpecification\",\"valueRequired\":true,\"valueName\":\"search_term_string\"}}],\"inLanguage\":\"sv-SE\"},{\"@type\":\"Organization\",\"@id\":\"https:\/\/www.trustcruit.com\/sv\/#organization\",\"name\":\"Jobylon AB\",\"url\":\"https:\/\/www.trustcruit.com\/sv\/\",\"logo\":{\"@type\":\"ImageObject\",\"inLanguage\":\"sv-SE\",\"@id\":\"https:\/\/www.trustcruit.com\/sv\/#\/schema\/logo\/image\/\",\"url\":\"https:\/\/www.www.www.trustcruit.com\/wp-content\/uploads\/2025\/07\/jobylon-logo.svg\",\"contentUrl\":\"https:\/\/www.www.www.trustcruit.com\/wp-content\/uploads\/2025\/07\/jobylon-logo.svg\",\"width\":1611,\"height\":532,\"caption\":\"Jobylon AB\"},\"image\":{\"@id\":\"https:\/\/www.trustcruit.com\/sv\/#\/schema\/logo\/image\/\"},\"sameAs\":[\"https:\/\/www.linkedin.com\/company\/trustcruit-by-jobylon\"]}]}<\/script>\n<!-- \/ Yoast SEO plugin. -->","yoast_head_json":{"title":"Varf\u00f6r ni beh\u00f6ver kandidatfeedback \u2013 Trustcruit fr\u00e5n Jobylon","description":"Anv\u00e4nd kandidatfeedback f\u00f6r att optimera rekryteringen, st\u00e4rka arbetsgivarvarum\u00e4rket och attrahera de b\u00e4sta talangerna. Se varf\u00f6r ledande team litar p\u00e5 Trustcruit.","robots":{"index":"index","follow":"follow","max-snippet":"max-snippet:-1","max-image-preview":"max-image-preview:large","max-video-preview":"max-video-preview:-1"},"canonical":"https:\/\/www.trustcruit.com\/sv\/varfor-trustcruit\/","og_locale":"sv_SE","og_type":"article","og_title":"Why Trustcruit - Trustcruit by Jobylon","og_description":"Use candidate feedback to optimize recruitment, boost employer branding, and attract top talent. See why leading teams trust Trustcruit.","og_url":"https:\/\/www.trustcruit.com\/sv\/varfor-trustcruit\/","og_site_name":"Trustcruit by Jobylon","article_modified_time":"2025-07-31T10:17:41+00:00","og_image":[{"width":1200,"height":675,"url":"https:\/\/www.trustcruit.com\/wp-content\/uploads\/2025\/08\/Trustcruit-by-Jobylon-sharing-image.png","type":"image\/png"}],"twitter_card":"summary_large_image","twitter_misc":{"Est. reading time":"4 minuter"},"schema":{"@context":"https:\/\/schema.org","@graph":[{"@type":["WebPage","AboutPage"],"@id":"https:\/\/www.trustcruit.com\/sv\/varfor-trustcruit\/","url":"https:\/\/www.trustcruit.com\/sv\/varfor-trustcruit\/","name":"Varf\u00f6r ni beh\u00f6ver kandidatfeedback \u2013 Trustcruit fr\u00e5n Jobylon","isPartOf":{"@id":"https:\/\/www.trustcruit.com\/sv\/#website"},"datePublished":"2025-07-03T19:48:48+00:00","dateModified":"2025-07-31T10:17:41+00:00","description":"Anv\u00e4nd kandidatfeedback f\u00f6r att optimera rekryteringen, st\u00e4rka arbetsgivarvarum\u00e4rket och attrahera de b\u00e4sta talangerna. Se varf\u00f6r ledande team litar p\u00e5 Trustcruit.","breadcrumb":{"@id":"https:\/\/www.trustcruit.com\/sv\/varfor-trustcruit\/#breadcrumb"},"inLanguage":"sv-SE","potentialAction":[{"@type":"ReadAction","target":["https:\/\/www.trustcruit.com\/sv\/varfor-trustcruit\/"]}]},{"@type":"BreadcrumbList","@id":"https:\/\/www.trustcruit.com\/sv\/varfor-trustcruit\/#breadcrumb","itemListElement":[{"@type":"ListItem","position":1,"name":"Home","item":"https:\/\/www.trustcruit.com\/nl\/"},{"@type":"ListItem","position":2,"name":"Why Trustcruit"}]},{"@type":"WebSite","@id":"https:\/\/www.trustcruit.com\/sv\/#website","url":"https:\/\/www.trustcruit.com\/sv\/","name":"Trustcruit","description":"Turn Candidates Into Promoters","publisher":{"@id":"https:\/\/www.trustcruit.com\/sv\/#organization"},"potentialAction":[{"@type":"SearchAction","target":{"@type":"EntryPoint","urlTemplate":"https:\/\/www.trustcruit.com\/sv\/?s={search_term_string}"},"query-input":{"@type":"PropertyValueSpecification","valueRequired":true,"valueName":"search_term_string"}}],"inLanguage":"sv-SE"},{"@type":"Organization","@id":"https:\/\/www.trustcruit.com\/sv\/#organization","name":"Jobylon AB","url":"https:\/\/www.trustcruit.com\/sv\/","logo":{"@type":"ImageObject","inLanguage":"sv-SE","@id":"https:\/\/www.trustcruit.com\/sv\/#\/schema\/logo\/image\/","url":"https:\/\/www.www.www.trustcruit.com\/wp-content\/uploads\/2025\/07\/jobylon-logo.svg","contentUrl":"https:\/\/www.www.www.trustcruit.com\/wp-content\/uploads\/2025\/07\/jobylon-logo.svg","width":1611,"height":532,"caption":"Jobylon AB"},"image":{"@id":"https:\/\/www.trustcruit.com\/sv\/#\/schema\/logo\/image\/"},"sameAs":["https:\/\/www.linkedin.com\/company\/trustcruit-by-jobylon"]}]}},"featured_image_src":null,"featured_image_src_square":null,"_links":{"self":[{"href":"https:\/\/www.trustcruit.com\/sv\/wp-json\/wp\/v2\/pages\/13","targetHints":{"allow":["GET"]}}],"collection":[{"href":"https:\/\/www.trustcruit.com\/sv\/wp-json\/wp\/v2\/pages"}],"about":[{"href":"https:\/\/www.trustcruit.com\/sv\/wp-json\/wp\/v2\/types\/page"}],"author":[{"embeddable":true,"href":"https:\/\/www.trustcruit.com\/sv\/wp-json\/wp\/v2\/users\/1"}],"replies":[{"embeddable":true,"href":"https:\/\/www.trustcruit.com\/sv\/wp-json\/wp\/v2\/comments?post=13"}],"version-history":[{"count":0,"href":"https:\/\/www.trustcruit.com\/sv\/wp-json\/wp\/v2\/pages\/13\/revisions"}],"wp:attachment":[{"href":"https:\/\/www.trustcruit.com\/sv\/wp-json\/wp\/v2\/media?parent=13"}],"curies":[{"name":"wp","href":"https:\/\/api.w.org\/{rel}","templated":true}]}}